{"id":4,"date":"2016-10-22T16:02:21","date_gmt":"2016-10-22T14:02:21","guid":{"rendered":"http:\/\/www.sebastien-duchene.fr\/?page_id=4"},"modified":"2025-11-04T11:34:16","modified_gmt":"2025-11-04T10:34:16","slug":"curriculum-vitae","status":"publish","type":"page","link":"https:\/\/www.sebastien-duchene.fr\/index.php\/curriculum-vitae\/","title":{"rendered":"CV"},"content":{"rendered":"<p>CV S\u00e9bastien Duch\u00eane, fran\u00e7ais, mis \u00e0 jour en mai 2025 :<\/p>\n<p><a href=\"http:\/\/www.sebastien-duchene.fr\/wp-content\/uploads\/2025\/05\/Duchene-Sebastien-Mai-2025-CV.pdf\">CV S\u00e9bastien Duch\u00eane mai 2025 fran\u00e7ais<\/a><\/p>\n<p>CV S\u00e9bastien Duch\u00eane, english, updated May 2025:<\/p>\n<p><a href=\"http:\/\/www.sebastien-duchene.fr\/wp-content\/uploads\/2025\/05\/Duchene-Sebastien-May-2025-CV.pdf\">CV S\u00e9bastien Duch\u00eane may 2025 english<\/a><\/p>\n\n\n<p><\/p>\n","protected":false},"excerpt":{"rendered":"<p>CV S\u00e9bastien Duch\u00eane, fran\u00e7ais, mis \u00e0 jour en mai 2025 : CV S\u00e9bastien Duch\u00eane mai 2025 fran\u00e7ais CV S\u00e9bastien Duch\u00eane, english, updated May 2025: CV S\u00e9bastien Duch\u00eane may 2025 english<\/p>\n","protected":false},"author":1,"featured_media":0,"parent":0,"menu_order":0,"comment_status":"closed","ping_status":"closed","template":"","meta":{"footnotes":""},"class_list":["post-4","page","type-page","status-publish","hentry"],"_links":{"self":[{"href":"https:\/\/www.sebastien-duchene.fr\/index.php\/wp-json\/wp\/v2\/pages\/4","targetHints":{"allow":["GET"]}}],"collection":[{"href":"https:\/\/www.sebastien-duchene.fr\/index.php\/wp-json\/wp\/v2\/pages"}],"about":[{"href":"https:\/\/www.sebastien-duchene.fr\/index.php\/wp-json\/wp\/v2\/types\/page"}],"author":[{"embeddable":true,"href":"https:\/\/www.sebastien-duchene.fr\/index.php\/wp-json\/wp\/v2\/users\/1"}],"replies":[{"embeddable":true,"href":"https:\/\/www.sebastien-duchene.fr\/index.php\/wp-json\/wp\/v2\/comments?post=4"}],"version-history":[{"count":43,"href":"https:\/\/www.sebastien-duchene.fr\/index.php\/wp-json\/wp\/v2\/pages\/4\/revisions"}],"predecessor-version":[{"id":919,"href":"https:\/\/www.sebastien-duchene.fr\/index.php\/wp-json\/wp\/v2\/pages\/4\/revisions\/919"}],"wp:attachment":[{"href":"https:\/\/www.sebastien-duchene.fr\/index.php\/wp-json\/wp\/v2\/media?parent=4"}],"curies":[{"name":"wp","href":"https:\/\/api.w.org\/{rel}","templated":true}]}}